{"id":186,"date":"2021-10-17T00:45:40","date_gmt":"2021-10-16T22:45:40","guid":{"rendered":"https:\/\/europeanhandcourse.com\/?page_id=186"},"modified":"2025-06-22T15:51:28","modified_gmt":"2025-06-22T13:51:28","slug":"edito","status":"publish","type":"page","link":"https:\/\/europeanhandcourse.com\/index.php\/edito\/","title":{"rendered":"Edito"},"content":{"rendered":"\n<h1 class=\"wp-block-heading\">Edito<\/h1>\n\n\n\n<p>Chers confr\u00e8res et futurs confr\u00e8res,<\/p>\n\n\n\n<p>Le prochain <strong>Cours Pratique de Chirurgie de la Main de l\u2019Institut Europ\u00e9en de la Main Nancy-Luxembourg<\/strong> se d\u00e9roulera les <strong>27 et 28 mars 2026<\/strong> dans les magnifiques locaux du Medical Training Center de l\u2019H\u00f4pital Kirchberg \u00e0 Luxembourg, plac\u00e9 sous l\u2019\u00e9gide de la Soci\u00e9t\u00e9 Fran\u00e7aise de Chirurgie de la Main pr\u00e9sid\u00e9e par Isabelle Auquit-Auckbur.. <\/p>\n\n\n\n<p>Nous avons invit\u00e9 des enseignants de renomm\u00e9e internationale. Vous pourrez b\u00e9n\u00e9ficier de leur exp\u00e9rience en r\u00e9alisant sur pi\u00e8ces anatomiques des interventions chirurgicales r\u00e9put\u00e9es fiables et transmissibles. <\/p>\n\n\n\n<p>Ces cours sont un \u00e9change continu. Vous serez encadr\u00e9s tout au long de votre pratique par des moniteurs. Les d\u00e9monstrations \u00e9tant film\u00e9es vous aurez la possibilit\u00e9 de les visualiser ult\u00e9rieurement sur notre site internet. <\/p>\n\n\n\n<p>Thomas JAGER, le coordinateur de ce cours, vous d\u00e9taillera prochainement les sujets abord\u00e9s. <\/p>\n\n\n\n<p class=\"has-text-color\" style=\"color:#ff0000\"><strong>Le nombre de places \u00e9tant limit\u00e9 nous vous encourageons \u00e0 vous inscrire au plus vite. <\/strong><\/p>\n\n\n\n<p>A bient\u00f4t !<\/p>\n\n\n\n<div class=\"wp-block-columns is-layout-flex wp-container-core-columns-is-layout-9d6595d7 wp-block-columns-is-layout-flex\">\n<div class=\"wp-block-column is-layout-flow wp-block-column-is-layout-flow\"><div class=\"wp-block-image is-style-rounded\">\n<figure class=\"aligncenter size-full\"><img loading=\"lazy\" decoding=\"async\" width=\"200\" height=\"200\" src=\"http:\/\/europeanhandcourse.com\/wp-content\/uploads\/2021\/10\/Photo_MMerle.png\" alt=\"\" class=\"wp-image-143\" srcset=\"https:\/\/europeanhandcourse.com\/wp-content\/uploads\/2021\/10\/Photo_MMerle.png 200w, https:\/\/europeanhandcourse.com\/wp-content\/uploads\/2021\/10\/Photo_MMerle-150x150.png 150w\" sizes=\"auto, (max-width: 200px) 100vw, 200px\" \/><\/figure>\n<\/div>\n\n\n<p class=\"has-text-align-center\"><strong>Pr. Michel MERLE<\/strong><\/p>\n<\/div>\n\n\n\n<div class=\"wp-block-column is-layout-flow wp-block-column-is-layout-flow\"><div class=\"wp-block-image is-style-rounded\">\n<figure class=\"aligncenter size-full\"><img loading=\"lazy\" decoding=\"async\" width=\"200\" height=\"200\" src=\"http:\/\/europeanhandcourse.com\/wp-content\/uploads\/2021\/10\/Photo_TJager.png\" alt=\"\" class=\"wp-image-125\" srcset=\"https:\/\/europeanhandcourse.com\/wp-content\/uploads\/2021\/10\/Photo_TJager.png 200w, https:\/\/europeanhandcourse.com\/wp-content\/uploads\/2021\/10\/Photo_TJager-150x150.png 150w\" sizes=\"auto, (max-width: 200px) 100vw, 200px\" \/><\/figure>\n<\/div>\n\n\n<p class=\"has-text-align-center\"><strong>Dr. Thomas JAGER<\/strong><\/p>\n<\/div>\n<\/div>\n\n\n\n<div class=\"wp-block-cover alignfull\" style=\"min-height:336px;aspect-ratio:unset;\"><span aria-hidden=\"true\" class=\"wp-block-cover__background has-nv-dark-bg-background-color has-background-dim-100 has-background-dim\"><\/span><div class=\"wp-block-cover__inner-container is-layout-flow wp-block-cover-is-layout-flow\">\n<div style=\"height:100px\" aria-hidden=\"true\" class=\"wp-block-spacer\"><\/div>\n\n\n\n<div class=\"wp-block-group\"><div class=\"wp-block-group__inner-container is-layout-flow wp-block-group-is-layout-flow\">\n<div class=\"wp-block-buttons is-horizontal is-content-justification-center is-layout-flex wp-container-core-buttons-is-layout-499968f5 wp-block-buttons-is-layout-flex\">\n<div class=\"wp-block-button is-style-primary\"><a class=\"wp-block-button__link wp-element-button\" href=\"https:\/\/europeanhandcourse.com\/index.php\/edito\/\">Contactez-nous<\/a><\/div>\n\n\n\n<div class=\"wp-block-button is-style-primary\"><a class=\"wp-block-button__link wp-element-button\" href=\"https:\/\/europeanhandcourse.com\/index.php\/inscription\/\">Inscrivez-vous<\/a><\/div>\n<\/div>\n\n\n\n<div style=\"height:40px\" aria-hidden=\"true\" class=\"wp-block-spacer\"><\/div>\n\n\n\n<p><\/p>\n<\/div><\/div>\n<\/div><\/div>\n","protected":false},"excerpt":{"rendered":"<p>Edito Chers confr\u00e8res et futurs confr\u00e8res, Le prochain Cours Pratique de Chirurgie de la Main de l\u2019Institut Europ\u00e9en de la Main Nancy-Luxembourg se d\u00e9roulera les 27 et 28 mars 2026 dans les magnifiques locaux du Medical Training Center de l\u2019H\u00f4pital Kirchberg \u00e0 Luxembourg, plac\u00e9 sous l\u2019\u00e9gide de la Soci\u00e9t\u00e9 Fran\u00e7aise de Chirurgie de la Main&hellip;&nbsp;<a href=\"https:\/\/europeanhandcourse.com\/index.php\/edito\/\" rel=\"bookmark\">Read More &raquo;<span class=\"screen-reader-text\">Edito<\/span><\/a><\/p>\n","protected":false},"author":1,"featured_media":0,"parent":0,"menu_order":0,"comment_status":"closed","ping_status":"closed","template":"","meta":{"neve_meta_sidebar":"","neve_meta_container":"","neve_meta_enable_content_width":"on","neve_meta_content_width":100,"neve_meta_title_alignment":"","neve_meta_author_avatar":"","neve_post_elements_order":"","neve_meta_disable_header":"","neve_meta_disable_footer":"","neve_meta_disable_title":"on","footnotes":""},"class_list":["post-186","page","type-page","status-publish","hentry"],"yoast_head":"<!-- This site is optimized with the Yoast SEO plugin v27.4 - https:\/\/yoast.com\/product\/yoast-seo-wordpress\/ -->\n<title>Edito - European Hand Course<\/title>\n<meta name=\"robots\" content=\"index, follow, max-snippet:-1, max-image-preview:large, max-video-preview:-1\" \/>\n<link rel=\"canonical\" href=\"https:\/\/europeanhandcourse.com\/index.php\/edito\/\" \/>\n<meta property=\"og:locale\" content=\"en_US\" \/>\n<meta property=\"og:type\" content=\"article\" \/>\n<meta property=\"og:title\" content=\"Edito - European Hand Course\" \/>\n<meta property=\"og:description\" content=\"Edito Chers confr\u00e8res et futurs confr\u00e8res, Le prochain Cours Pratique de Chirurgie de la Main de l\u2019Institut Europ\u00e9en de la Main Nancy-Luxembourg se d\u00e9roulera les 27 et 28 mars 2026 dans les magnifiques locaux du Medical Training Center de l\u2019H\u00f4pital Kirchberg \u00e0 Luxembourg, plac\u00e9 sous l\u2019\u00e9gide de la Soci\u00e9t\u00e9 Fran\u00e7aise de Chirurgie de la Main&hellip;&nbsp;Read More &raquo;Edito\" \/>\n<meta property=\"og:url\" content=\"https:\/\/europeanhandcourse.com\/index.php\/edito\/\" \/>\n<meta property=\"og:site_name\" content=\"European Hand Course\" \/>\n<meta property=\"article:modified_time\" content=\"2025-06-22T13:51:28+00:00\" \/>\n<meta property=\"og:image\" content=\"http:\/\/europeanhandcourse.com\/wp-content\/uploads\/2021\/10\/Photo_MMerle.png\" \/>\n<meta name=\"twitter:card\" content=\"summary_large_image\" \/>\n<meta name=\"twitter:label1\" content=\"Est. reading time\" \/>\n\t<meta name=\"twitter:data1\" content=\"2 minutes\" \/>\n<script type=\"application\/ld+json\" class=\"yoast-schema-graph\">{\"@context\":\"https:\\\/\\\/schema.org\",\"@graph\":[{\"@type\":\"WebPage\",\"@id\":\"https:\\\/\\\/europeanhandcourse.com\\\/index.php\\\/edito\\\/\",\"url\":\"https:\\\/\\\/europeanhandcourse.com\\\/index.php\\\/edito\\\/\",\"name\":\"Edito - European Hand Course\",\"isPartOf\":{\"@id\":\"https:\\\/\\\/europeanhandcourse.com\\\/#website\"},\"primaryImageOfPage\":{\"@id\":\"https:\\\/\\\/europeanhandcourse.com\\\/index.php\\\/edito\\\/#primaryimage\"},\"image\":{\"@id\":\"https:\\\/\\\/europeanhandcourse.com\\\/index.php\\\/edito\\\/#primaryimage\"},\"thumbnailUrl\":\"http:\\\/\\\/europeanhandcourse.com\\\/wp-content\\\/uploads\\\/2021\\\/10\\\/Photo_MMerle.png\",\"datePublished\":\"2021-10-16T22:45:40+00:00\",\"dateModified\":\"2025-06-22T13:51:28+00:00\",\"breadcrumb\":{\"@id\":\"https:\\\/\\\/europeanhandcourse.com\\\/index.php\\\/edito\\\/#breadcrumb\"},\"inLanguage\":\"en-US\",\"potentialAction\":[{\"@type\":\"ReadAction\",\"target\":[\"https:\\\/\\\/europeanhandcourse.com\\\/index.php\\\/edito\\\/\"]}]},{\"@type\":\"ImageObject\",\"inLanguage\":\"en-US\",\"@id\":\"https:\\\/\\\/europeanhandcourse.com\\\/index.php\\\/edito\\\/#primaryimage\",\"url\":\"https:\\\/\\\/europeanhandcourse.com\\\/wp-content\\\/uploads\\\/2021\\\/10\\\/Photo_MMerle.png\",\"contentUrl\":\"https:\\\/\\\/europeanhandcourse.com\\\/wp-content\\\/uploads\\\/2021\\\/10\\\/Photo_MMerle.png\",\"width\":200,\"height\":200},{\"@type\":\"BreadcrumbList\",\"@id\":\"https:\\\/\\\/europeanhandcourse.com\\\/index.php\\\/edito\\\/#breadcrumb\",\"itemListElement\":[{\"@type\":\"ListItem\",\"position\":1,\"name\":\"Accueil\",\"item\":\"https:\\\/\\\/europeanhandcourse.com\\\/\"},{\"@type\":\"ListItem\",\"position\":2,\"name\":\"Edito\"}]},{\"@type\":\"WebSite\",\"@id\":\"https:\\\/\\\/europeanhandcourse.com\\\/#website\",\"url\":\"https:\\\/\\\/europeanhandcourse.com\\\/\",\"name\":\"European Hand Course\",\"description\":\"Cours pratique de chirurgie de la main du Luxembourg\",\"publisher\":{\"@id\":\"https:\\\/\\\/europeanhandcourse.com\\\/#organization\"},\"potentialAction\":[{\"@type\":\"SearchAction\",\"target\":{\"@type\":\"EntryPoint\",\"urlTemplate\":\"https:\\\/\\\/europeanhandcourse.com\\\/?s={search_term_string}\"},\"query-input\":{\"@type\":\"PropertyValueSpecification\",\"valueRequired\":true,\"valueName\":\"search_term_string\"}}],\"inLanguage\":\"en-US\"},{\"@type\":\"Organization\",\"@id\":\"https:\\\/\\\/europeanhandcourse.com\\\/#organization\",\"name\":\"European Hand Course\",\"url\":\"https:\\\/\\\/europeanhandcourse.com\\\/\",\"logo\":{\"@type\":\"ImageObject\",\"inLanguage\":\"en-US\",\"@id\":\"https:\\\/\\\/europeanhandcourse.com\\\/#\\\/schema\\\/logo\\\/image\\\/\",\"url\":\"https:\\\/\\\/europeanhandcourse.com\\\/wp-content\\\/uploads\\\/2021\\\/09\\\/Logo-EHC.png\",\"contentUrl\":\"https:\\\/\\\/europeanhandcourse.com\\\/wp-content\\\/uploads\\\/2021\\\/09\\\/Logo-EHC.png\",\"width\":1024,\"height\":1024,\"caption\":\"European Hand Course\"},\"image\":{\"@id\":\"https:\\\/\\\/europeanhandcourse.com\\\/#\\\/schema\\\/logo\\\/image\\\/\"}}]}<\/script>\n<!-- \/ Yoast SEO plugin. -->","yoast_head_json":{"title":"Edito - European Hand Course","robots":{"index":"index","follow":"follow","max-snippet":"max-snippet:-1","max-image-preview":"max-image-preview:large","max-video-preview":"max-video-preview:-1"},"canonical":"https:\/\/europeanhandcourse.com\/index.php\/edito\/","og_locale":"en_US","og_type":"article","og_title":"Edito - European Hand Course","og_description":"Edito Chers confr\u00e8res et futurs confr\u00e8res, Le prochain Cours Pratique de Chirurgie de la Main de l\u2019Institut Europ\u00e9en de la Main Nancy-Luxembourg se d\u00e9roulera les 27 et 28 mars 2026 dans les magnifiques locaux du Medical Training Center de l\u2019H\u00f4pital Kirchberg \u00e0 Luxembourg, plac\u00e9 sous l\u2019\u00e9gide de la Soci\u00e9t\u00e9 Fran\u00e7aise de Chirurgie de la Main&hellip;&nbsp;Read More &raquo;Edito","og_url":"https:\/\/europeanhandcourse.com\/index.php\/edito\/","og_site_name":"European Hand Course","article_modified_time":"2025-06-22T13:51:28+00:00","og_image":[{"url":"http:\/\/europeanhandcourse.com\/wp-content\/uploads\/2021\/10\/Photo_MMerle.png","type":"","width":"","height":""}],"twitter_card":"summary_large_image","twitter_misc":{"Est. reading time":"2 minutes"},"schema":{"@context":"https:\/\/schema.org","@graph":[{"@type":"WebPage","@id":"https:\/\/europeanhandcourse.com\/index.php\/edito\/","url":"https:\/\/europeanhandcourse.com\/index.php\/edito\/","name":"Edito - European Hand Course","isPartOf":{"@id":"https:\/\/europeanhandcourse.com\/#website"},"primaryImageOfPage":{"@id":"https:\/\/europeanhandcourse.com\/index.php\/edito\/#primaryimage"},"image":{"@id":"https:\/\/europeanhandcourse.com\/index.php\/edito\/#primaryimage"},"thumbnailUrl":"http:\/\/europeanhandcourse.com\/wp-content\/uploads\/2021\/10\/Photo_MMerle.png","datePublished":"2021-10-16T22:45:40+00:00","dateModified":"2025-06-22T13:51:28+00:00","breadcrumb":{"@id":"https:\/\/europeanhandcourse.com\/index.php\/edito\/#breadcrumb"},"inLanguage":"en-US","potentialAction":[{"@type":"ReadAction","target":["https:\/\/europeanhandcourse.com\/index.php\/edito\/"]}]},{"@type":"ImageObject","inLanguage":"en-US","@id":"https:\/\/europeanhandcourse.com\/index.php\/edito\/#primaryimage","url":"https:\/\/europeanhandcourse.com\/wp-content\/uploads\/2021\/10\/Photo_MMerle.png","contentUrl":"https:\/\/europeanhandcourse.com\/wp-content\/uploads\/2021\/10\/Photo_MMerle.png","width":200,"height":200},{"@type":"BreadcrumbList","@id":"https:\/\/europeanhandcourse.com\/index.php\/edito\/#breadcrumb","itemListElement":[{"@type":"ListItem","position":1,"name":"Accueil","item":"https:\/\/europeanhandcourse.com\/"},{"@type":"ListItem","position":2,"name":"Edito"}]},{"@type":"WebSite","@id":"https:\/\/europeanhandcourse.com\/#website","url":"https:\/\/europeanhandcourse.com\/","name":"European Hand Course","description":"Cours pratique de chirurgie de la main du Luxembourg","publisher":{"@id":"https:\/\/europeanhandcourse.com\/#organization"},"potentialAction":[{"@type":"SearchAction","target":{"@type":"EntryPoint","urlTemplate":"https:\/\/europeanhandcourse.com\/?s={search_term_string}"},"query-input":{"@type":"PropertyValueSpecification","valueRequired":true,"valueName":"search_term_string"}}],"inLanguage":"en-US"},{"@type":"Organization","@id":"https:\/\/europeanhandcourse.com\/#organization","name":"European Hand Course","url":"https:\/\/europeanhandcourse.com\/","logo":{"@type":"ImageObject","inLanguage":"en-US","@id":"https:\/\/europeanhandcourse.com\/#\/schema\/logo\/image\/","url":"https:\/\/europeanhandcourse.com\/wp-content\/uploads\/2021\/09\/Logo-EHC.png","contentUrl":"https:\/\/europeanhandcourse.com\/wp-content\/uploads\/2021\/09\/Logo-EHC.png","width":1024,"height":1024,"caption":"European Hand Course"},"image":{"@id":"https:\/\/europeanhandcourse.com\/#\/schema\/logo\/image\/"}}]}},"_links":{"self":[{"href":"https:\/\/europeanhandcourse.com\/index.php\/wp-json\/wp\/v2\/pages\/186","targetHints":{"allow":["GET"]}}],"collection":[{"href":"https:\/\/europeanhandcourse.com\/index.php\/wp-json\/wp\/v2\/pages"}],"about":[{"href":"https:\/\/europeanhandcourse.com\/index.php\/wp-json\/wp\/v2\/types\/page"}],"author":[{"embeddable":true,"href":"https:\/\/europeanhandcourse.com\/index.php\/wp-json\/wp\/v2\/users\/1"}],"replies":[{"embeddable":true,"href":"https:\/\/europeanhandcourse.com\/index.php\/wp-json\/wp\/v2\/comments?post=186"}],"version-history":[{"count":18,"href":"https:\/\/europeanhandcourse.com\/index.php\/wp-json\/wp\/v2\/pages\/186\/revisions"}],"predecessor-version":[{"id":838,"href":"https:\/\/europeanhandcourse.com\/index.php\/wp-json\/wp\/v2\/pages\/186\/revisions\/838"}],"wp:attachment":[{"href":"https:\/\/europeanhandcourse.com\/index.php\/wp-json\/wp\/v2\/media?parent=186"}],"curies":[{"name":"wp","href":"https:\/\/api.w.org\/{rel}","templated":true}]}}